
{"id":95,"date":"2022-03-23T22:38:54","date_gmt":"2022-03-23T22:38:54","guid":{"rendered":"https:\/\/ejercitodemaria.com\/front_page\/"},"modified":"2026-04-18T13:36:55","modified_gmt":"2026-04-18T19:36:55","slug":"front_page","status":"publish","type":"page","link":"https:\/\/ejercitodemaria.com\/","title":{"rendered":"Bienvenidos"},"content":{"rendered":"<div class=\"wpb-content-wrapper\"><p>[vc_row content_placement=\u00bbmiddle\u00bb][vc_column parallax=\u00bbcontent-moving-fade\u00bb css_animation=\u00bbbounceInDown\u00bb width=\u00bb1\/3&#8243;][vc_empty_space height=\u00bb25px\u00bb][\/vc_column][vc_column width=\u00bb1\/3&#8243;][vc_empty_space height=\u00bb64px\u00bb][\/vc_column][vc_column width=\u00bb1\/3&#8243;][vc_empty_space height=\u00bb25px\u00bb][\/vc_column][\/vc_row][vc_row][vc_column width=\u00bb1\/2&#8243;][vc_custom_heading text=\u00bbTalle Seminario El Final de los \u00daltimos Tiempos, del 4 al 8 de Mayo de 2026.\u00bb font_container=\u00bbtag:h3|text_align:center|color:%23dd8500&#8243;][vc_btn title=\u00bbReg\u00edstrate\u00bb style=\u00bb3d\u00bb color=\u00bbsuccess\u00bb align=\u00bbcenter\u00bb css_animation=\u00bbfadeInLeftBig\u00bb link=\u00bburl:https%3A%2F%2Fejercitodemaria.com%2F%3Fpost_type%3Dproduct%26add-to-cart%3D13306&#8243;][vc_column_text]<\/p>\n<div id=\"comp-kit6bgc3\" class=\"_2Hij5\" data-testid=\"richTextElement\">\n<p style=\"text-align: center;\"><span style=\"font-size: 14pt;\"><strong>\u00a0\u00a0<span style=\"font-size: 18pt;\"> 5<\/span>\u00a0 SESIONES en total<\/strong><\/span><\/p>\n<p style=\"text-align: center;\"><span style=\"font-size: 14pt;\"><strong>del <span style=\"font-size: 18pt;\">4\u00a0 <\/span>al <span style=\"font-size: 18pt;\">8 de Mayo de<\/span> <span style=\"font-size: 18pt;\">2026.<\/span><\/strong><\/span><\/p>\n<p>&nbsp;<\/p>\n<p style=\"text-align: center;\"><span style=\"font-size: 18pt;\"><strong>MODALIDAD DE TRANSMISI\u00d3N;<\/strong><\/span><\/p>\n<div>\n<p style=\"text-align: center;\"><strong><span style=\"font-size: 18pt;\">Sesi\u00f3n en Vivo\u00a0 de las 9:00 a las<\/span> <span style=\"font-size: 18pt;\">11:00 a.m. <\/span><\/strong><\/p>\n<p style=\"text-align: center;\"><strong><span style=\"font-size: 18pt;\">Cada sesi\u00f3n estar\u00e1 disponible por 72 hrs.<\/span><\/strong><\/p>\n<p>&nbsp;<\/p>\n<p style=\"text-align: center;\"><span style=\"font-size: 14pt;\"><strong>a trav\u00e9s de la p\u00e1gina web: <span style=\"font-size: 18pt;\">ejercitodemaria.com<\/span><\/strong><\/span><\/p>\n<p>&nbsp;<\/p>\n<p style=\"text-align: center;\"><strong>Sesi\u00f3n 1; Lunes\u00a0 4 de Mayo.<\/strong><\/p>\n<p style=\"text-align: center;\"><strong>\u00a0 \u00a0Sesi\u00f3n 2; Martes 5 de Mayo.<\/strong><\/p>\n<p style=\"text-align: center;\"><strong>\u00a0 \u00a0 \u00a0 \u00a0 \u00a0Sesi\u00f3n 3; Mi\u00e9rcoles 6 de Mayo.<\/strong><\/p>\n<p style=\"text-align: center;\"><strong>\u00a0 \u00a0Sesi\u00f3n 4; Jueves 7 de Mayo.<\/strong><\/p>\n<p style=\"text-align: center;\"><strong>\u00a0 \u00a0 Sesi\u00f3n 5; Viernes 8 de Mayo.<\/strong><\/p>\n<p>&nbsp;<\/p>\n<\/div>\n<\/div>\n<div id=\"comp-kit6bgc3\" class=\"_2Hij5\" data-testid=\"richTextElement\">\n<p style=\"text-align: center;\"><span style=\"font-size: 14pt;\"><strong>(Horario del centro de M\u00e9xico)<\/strong><\/span><\/p>\n<p>&nbsp;<\/p>\n<p class=\"font_8\" style=\"text-align: center;\"><strong><span style=\"font-size: 14pt;\">Informes por WhatsApp al<\/span> +<span style=\"font-size: 18pt;\">52 3317990503<\/span> <\/strong><\/p>\n<p class=\"font_8\" style=\"text-align: center;\"><strong>(NO LLAMADAS)<\/strong><\/p>\n<p><em><strong>FECHA L\u00cdMITE DE INSCRIPCI\u00d3N: 3 DE MAYO DE <span style=\"font-size: 18pt;\">2026<\/span>.<\/strong><\/em><\/p>\n<\/div>\n<p>[\/vc_column_text][vc_btn title=\u00bbReg\u00edstrate\u00bb style=\u00bb3d\u00bb color=\u00bbsuccess\u00bb align=\u00bbcenter\u00bb css_animation=\u00bbfadeInLeftBig\u00bb link=\u00bburl:https%3A%2F%2Fejercitodemaria.com%2F%3Fpost_type%3Dproduct%26add-to-cart%3D13306&#8243;][vc_empty_space height=\u00bb128px\u00bb][vc_btn title=\u00bbIngresar a Mi Cuenta\u00bb color=\u00bbblue\u00bb size=\u00bblg\u00bb align=\u00bbcenter\u00bb link=\u00bburl:https%3A%2F%2Fejercitodemaria.com%2F%3Fpage_id%3D11&#8243;][\/vc_column][vc_column width=\u00bb1\/2&#8243;][vc_single_image image=\u00bb13342&#8243; img_size=\u00bbLarge\u00bb alignment=\u00bbcenter\u00bb][vc_empty_space height=\u00bb128px\u00bb][\/vc_column][\/vc_row][vc_row][vc_column][vc_raw_js]JTNDJTIxLS0lMjBHZXRCdXR0b24uaW8lMjB3aWRnZXQlMjAtLSUzRSUzQ3NjcmlwdCUyMHR5cGUlM0QlMjJ0ZXh0JTJGamF2YXNjcmlwdCUyMiUzRSUwQSUyMCUyMCUyMCUyMCUyOGZ1bmN0aW9uJTIwJTI4JTI5JTIwJTdCJTBBJTIwJTIwJTIwJTIwJTIwJTIwJTIwJTIwdmFyJTIwb3B0aW9ucyUyMCUzRCUyMCU3QiUwQSUyMCUyMCUyMCUyMCUyMCUyMCUyMCUyMCUyMCUyMCUyMCUyMHdoYXRzYXBwJTNBJTIwJTIyJTJCNTIzMzE3OTkwNTAzJTIyJTJDJTIwJTJGJTJGJTIwV2hhdHNBcHAlMjBudW1iZXIlMEElMjAlMjAlMjAlMjAlMjAlMjAlMjAlMjAlMjAlMjAlMjAlMjBjYWxsX3RvX2FjdGlvbiUzQSUyMCUyMkVudiVDMyVBRGFub3MlMjB1biUyMG1lbnNhamUlMjIlMkMlMjAlMkYlMkYlMjBDYWxsJTIwdG8lMjBhY3Rpb24lMEElMjAlMjAlMjAlMjAlMjAlMjAlMjAlMjAlMjAlMjAlMjAlMjBwb3NpdGlvbiUzQSUyMCUyMnJpZ2h0JTIyJTJDJTIwJTJGJTJGJTIwUG9zaXRpb24lMjBtYXklMjBiZSUyMCUyN3JpZ2h0JTI3JTIwb3IlMjAlMjdsZWZ0JTI3JTBBJTIwJTIwJTIwJTIwJTIwJTIwJTIwJTIwJTdEJTNCJTBBJTIwJTIwJTIwJTIwJTIwJTIwJTIwJTIwdmFyJTIwcHJvdG8lMjAlM0QlMjBkb2N1bWVudC5sb2NhdGlvbi5wcm90b2NvbCUyQyUyMGhvc3QlMjAlM0QlMjAlMjJnZXRidXR0b24uaW8lMjIlMkMlMjB1cmwlMjAlM0QlMjBwcm90byUyMCUyQiUyMCUyMiUyRiUyRnN0YXRpYy4lMjIlMjAlMkIlMjBob3N0JTNCJTBBJTIwJTIwJTIwJTIwJTIwJTIwJTIwJTIwdmFyJTIwcyUyMCUzRCUyMGRvY3VtZW50LmNyZWF0ZUVsZW1lbnQlMjglMjdzY3JpcHQlMjclMjklM0IlMjBzLnR5cGUlMjAlM0QlMjAlMjd0ZXh0JTJGamF2YXNjcmlwdCUyNyUzQiUyMHMuYXN5bmMlMjAlM0QlMjB0cnVlJTNCJTIwcy5zcmMlMjAlM0QlMjB1cmwlMjAlMkIlMjAlMjclMkZ3aWRnZXQtc2VuZC1idXR0b24lMkZqcyUyRmluaXQuanMlMjclM0IlMEElMjAlMjAlMjAlMjAlMjAlMjAlMjAlMjBzLm9ubG9hZCUyMCUzRCUyMGZ1bmN0aW9uJTIwJTI4JTI5JTIwJTdCJTIwV2hXaWRnZXRTZW5kQnV0dG9uLmluaXQlMjhob3N0JTJDJTIwcHJvdG8lMkMlMjBvcHRpb25zJTI5JTNCJTIwJTdEJTNCJTBBJTIwJTIwJTIwJTIwJTIwJTIwJTIwJTIwdmFyJTIweCUyMCUzRCUyMGRvY3VtZW50LmdldEVsZW1lbnRzQnlUYWdOYW1lJTI4JTI3c2NyaXB0JTI3JTI5JTVCMCU1RCUzQiUyMHgucGFyZW50Tm9kZS5pbnNlcnRCZWZvcmUlMjhzJTJDJTIweCUyOSUzQiUwQSUyMCUyMCUyMCUyMCU3RCUyOSUyOCUyOSUzQiUwQSUzQyUyRnNjcmlwdCUzRSUzQyUyMS0tJTIwJTJGR2V0QnV0dG9uLmlvJTIwd2lkZ2V0JTIwLS0lM0U=[\/vc_raw_js][\/vc_column][\/vc_row]<\/p>\n<\/div>","protected":false},"excerpt":{"rendered":"<p>[vc_row content_placement=\u00bbmiddle\u00bb][vc_column parallax=\u00bbcontent-moving-fade\u00bb css_animation=\u00bbbounceInDown\u00bb width=\u00bb1\/3&#8243;][vc_empty_space height=\u00bb25px\u00bb][\/vc_column][vc_column width=\u00bb1\/3&#8243;][vc_empty_space height=\u00bb64px\u00bb][\/vc_column][vc_column width=\u00bb1\/3&#8243;][vc_empty_space height=\u00bb25px\u00bb][\/vc_column][\/vc_row][vc_row][vc_column width=\u00bb1\/2&#8243;][vc_custom_heading text=\u00bbTalle Seminario El Final de los \u00daltimos Tiempos, del 4 al 8 de Mayo de 2026.\u00bb font_container=\u00bbtag:h3|text_align:center|color:%23dd8500&#8243;][vc_btn title=\u00bbReg\u00edstrate\u00bb style=\u00bb3d\u00bb color=\u00bbsuccess\u00bb align=\u00bbcenter\u00bb css_animation=\u00bbfadeInLeftBig\u00bb link=\u00bburl:https%3A%2F%2Fejercitodemaria.com%2F%3Fpost_type%3Dproduct%26add-to-cart%3D13306&#8243;][vc_column_text] \u00a0\u00a0 5\u00a0 SESIONES en total del 4\u00a0 al 8 de Mayo de 2026. &nbsp; MODALIDAD DE TRANSMISI\u00d3N; Sesi\u00f3n en Vivo\u00a0 de las 9:00 a las 11:00 a.m. Cada sesi\u00f3n estar\u00e1 disponible por 72 hrs. &nbsp; a trav\u00e9s de la p\u00e1gina web: ejercitodemaria.com &nbsp; Sesi\u00f3n 1; Lunes\u00a0 4 de Mayo. \u00a0 \u00a0Sesi\u00f3n 2; Martes 5 de Mayo. \u00a0 \u00a0 \u00a0 \u00a0 \u00a0Sesi\u00f3n 3; Mi\u00e9rcoles 6 de Mayo. \u00a0 \u00a0Sesi\u00f3n 4; Jueves 7 de Mayo. \u00a0 \u00a0 Sesi\u00f3n 5; Viernes 8 de Mayo. &nbsp; (Horario del centro de M\u00e9xico) &nbsp; Informes por WhatsApp al +52 3317990503 (NO LLAMADAS) FECHA L\u00cdMITE DE INSCRIPCI\u00d3N: 3 DE MAYO DE 2026. [\/vc_column_text][vc_btn title=\u00bbReg\u00edstrate\u00bb style=\u00bb3d\u00bb color=\u00bbsuccess\u00bb align=\u00bbcenter\u00bb css_animation=\u00bbfadeInLeftBig\u00bb link=\u00bburl:https%3A%2F%2Fejercitodemaria.com%2F%3Fpost_type%3Dproduct%26add-to-cart%3D13306&#8243;][vc_empty_space height=\u00bb128px\u00bb][vc_btn title=\u00bbIngresar a Mi Cuenta\u00bb color=\u00bbblue\u00bb size=\u00bblg\u00bb align=\u00bbcenter\u00bb link=\u00bburl:https%3A%2F%2Fejercitodemaria.com%2F%3Fpage_id%3D11&#8243;][\/vc_column][vc_column width=\u00bb1\/2&#8243;][vc_single_image image=\u00bb13342&#8243; img_size=\u00bbLarge\u00bb alignment=\u00bbcenter\u00bb][vc_empty_space height=\u00bb128px\u00bb][\/vc_column][\/vc_row][vc_row][vc_column][vc_raw_js]JTNDJTIxLS0lMjBHZXRCdXR0b24uaW8lMjB3aWRnZXQlMjAtLSUzRSUzQ3NjcmlwdCUyMHR5cGUlM0QlMjJ0ZXh0JTJGamF2YXNjcmlwdCUyMiUzRSUwQSUyMCUyMCUyMCUyMCUyOGZ1bmN0aW9uJTIwJTI4JTI5JTIwJTdCJTBBJTIwJTIwJTIwJTIwJTIwJTIwJTIwJTIwdmFyJTIwb3B0aW9ucyUyMCUzRCUyMCU3QiUwQSUyMCUyMCUyMCUyMCUyMCUyMCUyMCUyMCUyMCUyMCUyMCUyMHdoYXRzYXBwJTNBJTIwJTIyJTJCNTIzMzE3OTkwNTAzJTIyJTJDJTIwJTJGJTJGJTIwV2hhdHNBcHAlMjBudW1iZXIlMEElMjAlMjAlMjAlMjAlMjAlMjAlMjAlMjAlMjAlMjAlMjAlMjBjYWxsX3RvX2FjdGlvbiUzQSUyMCUyMkVudiVDMyVBRGFub3MlMjB1biUyMG1lbnNhamUlMjIlMkMlMjAlMkYlMkYlMjBDYWxsJTIwdG8lMjBhY3Rpb24lMEElMjAlMjAlMjAlMjAlMjAlMjAlMjAlMjAlMjAlMjAlMjAlMjBwb3NpdGlvbiUzQSUyMCUyMnJpZ2h0JTIyJTJDJTIwJTJGJTJGJTIwUG9zaXRpb24lMjBtYXklMjBiZSUyMCUyN3JpZ2h0JTI3JTIwb3IlMjAlMjdsZWZ0JTI3JTBBJTIwJTIwJTIwJTIwJTIwJTIwJTIwJTIwJTdEJTNCJTBBJTIwJTIwJTIwJTIwJTIwJTIwJTIwJTIwdmFyJTIwcHJvdG8lMjAlM0QlMjBkb2N1bWVudC5sb2NhdGlvbi5wcm90b2NvbCUyQyUyMGhvc3QlMjAlM0QlMjAlMjJnZXRidXR0b24uaW8lMjIlMkMlMjB1cmwlMjAlM0QlMjBwcm90byUyMCUyQiUyMCUyMiUyRiUyRnN0YXRpYy4lMjIlMjAlMkIlMjBob3N0JTNCJTBBJTIwJTIwJTIwJTIwJTIwJTIwJTIwJTIwdmFyJTIwcyUyMCUzRCUyMGRvY3VtZW50LmNyZWF0ZUVsZW1lbnQlMjglMjdzY3JpcHQlMjclMjklM0IlMjBzLnR5cGUlMjAlM0QlMjAlMjd0ZXh0JTJGamF2YXNjcmlwdCUyNyUzQiUyMHMuYXN5bmMlMjAlM0QlMjB0cnVlJTNCJTIwcy5zcmMlMjAlM0QlMjB1cmwlMjAlMkIlMjAlMjclMkZ3aWRnZXQtc2VuZC1idXR0b24lMkZqcyUyRmluaXQuanMlMjclM0IlMEElMjAlMjAlMjAlMjAlMjAlMjAlMjAlMjBzLm9ubG9hZCUyMCUzRCUyMGZ1bmN0aW9uJTIwJTI4JTI5JTIwJTdCJTIwV2hXaWRnZXRTZW5kQnV0dG9uLmluaXQlMjhob3N0JTJDJTIwcHJvdG8lMkMlMjBvcHRpb25zJTI5JTNCJTIwJTdEJTNCJTBBJTIwJTIwJTIwJTIwJTIwJTIwJTIwJTIwdmFyJTIweCUyMCUzRCUyMGRvY3VtZW50LmdldEVsZW1lbnRzQnlUYWdOYW1lJTI4JTI3c2NyaXB0JTI3JTI5JTVCMCU1RCUzQiUyMHgucGFyZW50Tm9kZS5pbnNlcnRCZWZvcmUlMjhzJTJDJTIweCUyOSUzQiUwQSUyMCUyMCUyMCUyMCU3RCUyOSUyOCUyOSUzQiUwQSUzQyUyRnNjcmlwdCUzRSUzQyUyMS0tJTIwJTJGR2V0QnV0dG9uLmlvJTIwd2lkZ2V0JTIwLS0lM0U=[\/vc_raw_js][\/vc_column][\/vc_row]<\/p>\n","protected":false},"author":1,"featured_media":0,"parent":0,"menu_order":0,"comment_status":"closed","ping_status":"closed","template":"","meta":{"footnotes":""},"class_list":["post-95","page","type-page","status-publish","hentry"],"_links":{"self":[{"href":"https:\/\/ejercitodemaria.com\/index.php?rest_route=\/wp\/v2\/pages\/95","targetHints":{"allow":["GET"]}}],"collection":[{"href":"https:\/\/ejercitodemaria.com\/index.php?rest_route=\/wp\/v2\/pages"}],"about":[{"href":"https:\/\/ejercitodemaria.com\/index.php?rest_route=\/wp\/v2\/types\/page"}],"author":[{"embeddable":true,"href":"https:\/\/ejercitodemaria.com\/index.php?rest_route=\/wp\/v2\/users\/1"}],"replies":[{"embeddable":true,"href":"https:\/\/ejercitodemaria.com\/index.php?rest_route=%2Fwp%2Fv2%2Fcomments&post=95"}],"version-history":[{"count":368,"href":"https:\/\/ejercitodemaria.com\/index.php?rest_route=\/wp\/v2\/pages\/95\/revisions"}],"predecessor-version":[{"id":13343,"href":"https:\/\/ejercitodemaria.com\/index.php?rest_route=\/wp\/v2\/pages\/95\/revisions\/13343"}],"wp:attachment":[{"href":"https:\/\/ejercitodemaria.com\/index.php?rest_route=%2Fwp%2Fv2%2Fmedia&parent=95"}],"curies":[{"name":"wp","href":"https:\/\/api.w.org\/{rel}","templated":true}]}}